{"id":283,"date":"2026-01-28T16:46:29","date_gmt":"2026-01-28T16:46:29","guid":{"rendered":"https:\/\/humanidadesporvenir.com.ar\/?page_id=283"},"modified":"2026-01-28T16:46:30","modified_gmt":"2026-01-28T16:46:30","slug":"sergio-morresi","status":"publish","type":"page","link":"https:\/\/humanidadesporvenir.com.ar\/index.php\/sergio-morresi\/","title":{"rendered":"Sergio Morresi"},"content":{"rendered":"\n<figure class=\"wp-block-image size-full\"><img loading=\"lazy\" decoding=\"async\" width=\"664\" height=\"794\" src=\"https:\/\/humanidadesporvenir.com.ar\/wp-content\/uploads\/2026\/01\/Sergio-Morresi.png\" alt=\"\" class=\"wp-image-284\" srcset=\"https:\/\/humanidadesporvenir.com.ar\/wp-content\/uploads\/2026\/01\/Sergio-Morresi.png 664w, https:\/\/humanidadesporvenir.com.ar\/wp-content\/uploads\/2026\/01\/Sergio-Morresi-251x300.png 251w\" sizes=\"auto, (max-width: 664px) 100vw, 664px\" \/><\/figure>\n\n\n\n<p>Sergio Daniel Morresi es Licenciado en Ciencia Pol\u00edtica de la Universidad de Buenos Aires (UBA) y Dr. en Ciencia Pol\u00edtica de la Universidade de S\u00e3o Paulo (USP, Brasil). Actualmente se desempe\u00f1a como Profesor Asociado en la Facultad de Humanidades y Ciencias de la Universidad Nacional del Litoral (FHUC-UNL) y como Investigador Indepeniente del Instituto de Humanidades y Ciencias Sociales del Consejo Nacional de Investigaciones Cient\u00edficas y T\u00e9cnicas de Argentina (IHUCSO-CONICET). Adem\u00e1s, dicta cursos de posgrado en la Facultad Latinoamericana de Ciencias Sociales (FLACSO, sede Argentina), la Universidad Nacional de San Mart\u00edn (UNSAM) y en la Universidad de Buenos Aires (UBA). Es autor de libros, cap\u00edtulos y art\u00edculos de teor\u00eda pol\u00edtica, an\u00e1lisis pol\u00edtico e historia reciente. Su actividad se concentra en el estudio de las derechas pol\u00edticas.<\/p>\n","protected":false},"excerpt":{"rendered":"<p>Sergio Daniel Morresi es Licenciado en Ciencia Pol\u00edtica de la Universidad de Buenos Aires (UBA) y Dr. en Ciencia Pol\u00edtica de la Universidade de S\u00e3o Paulo (USP, Brasil). Actualmente se desempe\u00f1a como Profesor Asociado en la Facultad de Humanidades y Ciencias de la Universidad Nacional del Litoral (FHUC-UNL) y como Investigador Indepeniente del Instituto de [&hellip;]<\/p>\n","protected":false},"author":2,"featured_media":0,"parent":0,"menu_order":0,"comment_status":"closed","ping_status":"closed","template":"","meta":{"footnotes":""},"class_list":["post-283","page","type-page","status-publish","hentry"],"_links":{"self":[{"href":"https:\/\/humanidadesporvenir.com.ar\/index.php\/wp-json\/wp\/v2\/pages\/283","targetHints":{"allow":["GET"]}}],"collection":[{"href":"https:\/\/humanidadesporvenir.com.ar\/index.php\/wp-json\/wp\/v2\/pages"}],"about":[{"href":"https:\/\/humanidadesporvenir.com.ar\/index.php\/wp-json\/wp\/v2\/types\/page"}],"author":[{"embeddable":true,"href":"https:\/\/humanidadesporvenir.com.ar\/index.php\/wp-json\/wp\/v2\/users\/2"}],"replies":[{"embeddable":true,"href":"https:\/\/humanidadesporvenir.com.ar\/index.php\/wp-json\/wp\/v2\/comments?post=283"}],"version-history":[{"count":1,"href":"https:\/\/humanidadesporvenir.com.ar\/index.php\/wp-json\/wp\/v2\/pages\/283\/revisions"}],"predecessor-version":[{"id":285,"href":"https:\/\/humanidadesporvenir.com.ar\/index.php\/wp-json\/wp\/v2\/pages\/283\/revisions\/285"}],"wp:attachment":[{"href":"https:\/\/humanidadesporvenir.com.ar\/index.php\/wp-json\/wp\/v2\/media?parent=283"}],"curies":[{"name":"wp","href":"https:\/\/api.w.org\/{rel}","templated":true}]}}