{"id":279,"date":"2026-01-28T16:43:09","date_gmt":"2026-01-28T16:43:09","guid":{"rendered":"https:\/\/humanidadesporvenir.com.ar\/?page_id=279"},"modified":"2026-01-28T16:43:10","modified_gmt":"2026-01-28T16:43:10","slug":"macarena-marey","status":"publish","type":"page","link":"https:\/\/humanidadesporvenir.com.ar\/index.php\/macarena-marey\/","title":{"rendered":"Macarena Marey"},"content":{"rendered":"\n<figure class=\"wp-block-image size-full is-resized\"><img loading=\"lazy\" decoding=\"async\" width=\"300\" height=\"400\" src=\"https:\/\/humanidadesporvenir.com.ar\/wp-content\/uploads\/2026\/01\/Macarena-Marey.png\" alt=\"\" class=\"wp-image-280\" style=\"width:613px;height:auto\" srcset=\"https:\/\/humanidadesporvenir.com.ar\/wp-content\/uploads\/2026\/01\/Macarena-Marey.png 300w, https:\/\/humanidadesporvenir.com.ar\/wp-content\/uploads\/2026\/01\/Macarena-Marey-225x300.png 225w\" sizes=\"auto, (max-width: 300px) 100vw, 300px\" \/><\/figure>\n\n\n\n<p>Macarena Marey (Necochea, 1978) es Dra. en Filosof\u00eda (UNLP), Investigadora Independiente en CONICET y Profesora Regular de Filosof\u00eda Pol\u00edtica en la FFyL, UBA. Se especializa en teor\u00edas de la democracia y tradici\u00f3n del contrato social. Actualmente investiga la acumulaci\u00f3n por desposesi\u00f3n en Marx y la filosof\u00eda de la praxis de Frantz Fanon. Dirige el Grupo Filosof\u00eda Pol\u00edtica Cr\u00edtica, N\u00facleo de Estudios Cr\u00edticos y Filosof\u00eda del Presente, Instituto de Filosof\u00eda, FFyL, UBA. Public\u00f3 los libros Voluntad omnilateral y finitud de la Tierra (La Cebra: 2021), Teor\u00edas de la rep\u00fablica y pr\u00e1cticas republicanas (Herder: 2021) y Diario de Galileo (Bosque Energ\u00e9tico: 2025), en el que desarrolla una filosof\u00eda pol\u00edtica del autismo no verbal. Sus pr\u00f3ximos libros son Pensamiento postdist\u00f3pico. Una teor\u00eda anticapitalista de la normatividad (Fondo de Cultura Econ\u00f3mica: 2027) e Introducci\u00f3n a la filosof\u00eda pol\u00edtica cr\u00edtica (La Cebra: 2026). Adem\u00e1s de textos acad\u00e9micos, escribe textos de intervenci\u00f3n y divulgaci\u00f3n para medios como Jacobin y Tiempo Argentino. Codirige la colecci\u00f3n Transforming Political Philosophy de la editorial alemana Walter de Gruyter.<\/p>\n","protected":false},"excerpt":{"rendered":"<p>Macarena Marey (Necochea, 1978) es Dra. en Filosof\u00eda (UNLP), Investigadora Independiente en CONICET y Profesora Regular de Filosof\u00eda Pol\u00edtica en la FFyL, UBA. Se especializa en teor\u00edas de la democracia y tradici\u00f3n del contrato social. Actualmente investiga la acumulaci\u00f3n por desposesi\u00f3n en Marx y la filosof\u00eda de la praxis de Frantz Fanon. Dirige el Grupo [&hellip;]<\/p>\n","protected":false},"author":2,"featured_media":0,"parent":0,"menu_order":0,"comment_status":"closed","ping_status":"closed","template":"","meta":{"footnotes":""},"class_list":["post-279","page","type-page","status-publish","hentry"],"_links":{"self":[{"href":"https:\/\/humanidadesporvenir.com.ar\/index.php\/wp-json\/wp\/v2\/pages\/279","targetHints":{"allow":["GET"]}}],"collection":[{"href":"https:\/\/humanidadesporvenir.com.ar\/index.php\/wp-json\/wp\/v2\/pages"}],"about":[{"href":"https:\/\/humanidadesporvenir.com.ar\/index.php\/wp-json\/wp\/v2\/types\/page"}],"author":[{"embeddable":true,"href":"https:\/\/humanidadesporvenir.com.ar\/index.php\/wp-json\/wp\/v2\/users\/2"}],"replies":[{"embeddable":true,"href":"https:\/\/humanidadesporvenir.com.ar\/index.php\/wp-json\/wp\/v2\/comments?post=279"}],"version-history":[{"count":1,"href":"https:\/\/humanidadesporvenir.com.ar\/index.php\/wp-json\/wp\/v2\/pages\/279\/revisions"}],"predecessor-version":[{"id":281,"href":"https:\/\/humanidadesporvenir.com.ar\/index.php\/wp-json\/wp\/v2\/pages\/279\/revisions\/281"}],"wp:attachment":[{"href":"https:\/\/humanidadesporvenir.com.ar\/index.php\/wp-json\/wp\/v2\/media?parent=279"}],"curies":[{"name":"wp","href":"https:\/\/api.w.org\/{rel}","templated":true}]}}