{"id":269,"date":"2026-01-28T16:32:48","date_gmt":"2026-01-28T16:32:48","guid":{"rendered":"https:\/\/humanidadesporvenir.com.ar\/?page_id=269"},"modified":"2026-01-28T16:32:50","modified_gmt":"2026-01-28T16:32:50","slug":"gabriel-giorgi","status":"publish","type":"page","link":"https:\/\/humanidadesporvenir.com.ar\/index.php\/gabriel-giorgi\/","title":{"rendered":"Gabriel Giorgi"},"content":{"rendered":"\n<figure class=\"wp-block-image size-large\"><img loading=\"lazy\" decoding=\"async\" width=\"754\" height=\"1024\" src=\"https:\/\/humanidadesporvenir.com.ar\/wp-content\/uploads\/2026\/01\/Gabriel-754x1024.png\" alt=\"Gabriel Giorgi\" class=\"wp-image-270\" srcset=\"https:\/\/humanidadesporvenir.com.ar\/wp-content\/uploads\/2026\/01\/Gabriel-754x1024.png 754w, https:\/\/humanidadesporvenir.com.ar\/wp-content\/uploads\/2026\/01\/Gabriel-221x300.png 221w, https:\/\/humanidadesporvenir.com.ar\/wp-content\/uploads\/2026\/01\/Gabriel-768x1042.png 768w, https:\/\/humanidadesporvenir.com.ar\/wp-content\/uploads\/2026\/01\/Gabriel-1132x1536.png 1132w, https:\/\/humanidadesporvenir.com.ar\/wp-content\/uploads\/2026\/01\/Gabriel.png 1178w\" sizes=\"auto, (max-width: 754px) 100vw, 754px\" \/><\/figure>\n\n\n\n<p>Gabriel Giorgi es Investigador Principal del Consejo Nacional de Ciencia y T\u00e9cnica (CONICET)&nbsp; y Profesor de la Universidad de Nueva York. Trabaja sobre literaturas, arte y cine contempor\u00e1neos latinoamericanos, con enfoque en el Cono Sur y Brasil. Ha publicado <em>Sue\u00f1os de exterminio. Homosexualidad y representaci\u00f3n en la literatura argentina contempor\u00e1nea<\/em> (Rosario: Beatriz Viterbo, 2004), <em>Formas comunes. Animalidad, biopol\u00edtica, cultura <\/em>(Buenos Aires: Eterna Cadencia, 2014; traducido al portugu\u00e9s en 2016) , <em>Las vueltas del odio. Gestos, escrituras, pol\u00edticas,<\/em> en colaboraci\u00f3n con Ana Kiffer (Buenos Aires: Eterna Cadencia, 2020; publicado en Brasil en 2019.) Tambi\u00e9n ha coeditado con Ferm\u00edn Rodr\u00edguez la antolog\u00eda <em>Excesos de vida. Ensayos sobre biopol\u00edtica <\/em>(Buenos Aires: Paid\u00f3s, 2007) y el <em>Handbook of Latin American Environmental Aesthetic,<\/em> co-editado con Jens Andermann y Victoria Saramago (De Gruyter, 2023).&nbsp;<\/p>\n\n\n\n<p>Su \u00faltima publicaci\u00f3n es <em>Parar la oreja. Notas para una pol\u00edtica de la escucha <\/em>(Tenemos las m\u00e1quinas, 2025)&nbsp;<\/p>\n\n\n\n<p>Adem\u00e1s de la Universidad de Nueva York, ha sido profesor visitante en universidades de Argentina, Brasil y Ecuador. Sus art\u00edculos se han publicado en Estados Unidos, Espa\u00f1a y Latinoam\u00e9rica.<\/p>\n","protected":false},"excerpt":{"rendered":"<p>Gabriel Giorgi es Investigador Principal del Consejo Nacional de Ciencia y T\u00e9cnica (CONICET)&nbsp; y Profesor de la Universidad de Nueva York. Trabaja sobre literaturas, arte y cine contempor\u00e1neos latinoamericanos, con enfoque en el Cono Sur y Brasil. Ha publicado Sue\u00f1os de exterminio. Homosexualidad y representaci\u00f3n en la literatura argentina contempor\u00e1nea (Rosario: Beatriz Viterbo, 2004), Formas [&hellip;]<\/p>\n","protected":false},"author":2,"featured_media":0,"parent":0,"menu_order":0,"comment_status":"closed","ping_status":"closed","template":"","meta":{"footnotes":""},"class_list":["post-269","page","type-page","status-publish","hentry"],"_links":{"self":[{"href":"https:\/\/humanidadesporvenir.com.ar\/index.php\/wp-json\/wp\/v2\/pages\/269","targetHints":{"allow":["GET"]}}],"collection":[{"href":"https:\/\/humanidadesporvenir.com.ar\/index.php\/wp-json\/wp\/v2\/pages"}],"about":[{"href":"https:\/\/humanidadesporvenir.com.ar\/index.php\/wp-json\/wp\/v2\/types\/page"}],"author":[{"embeddable":true,"href":"https:\/\/humanidadesporvenir.com.ar\/index.php\/wp-json\/wp\/v2\/users\/2"}],"replies":[{"embeddable":true,"href":"https:\/\/humanidadesporvenir.com.ar\/index.php\/wp-json\/wp\/v2\/comments?post=269"}],"version-history":[{"count":1,"href":"https:\/\/humanidadesporvenir.com.ar\/index.php\/wp-json\/wp\/v2\/pages\/269\/revisions"}],"predecessor-version":[{"id":271,"href":"https:\/\/humanidadesporvenir.com.ar\/index.php\/wp-json\/wp\/v2\/pages\/269\/revisions\/271"}],"wp:attachment":[{"href":"https:\/\/humanidadesporvenir.com.ar\/index.php\/wp-json\/wp\/v2\/media?parent=269"}],"curies":[{"name":"wp","href":"https:\/\/api.w.org\/{rel}","templated":true}]}}