{"id":256,"date":"2026-01-08T19:32:11","date_gmt":"2026-01-08T19:32:11","guid":{"rendered":"https:\/\/humanidadesporvenir.com.ar\/?page_id=256"},"modified":"2026-01-08T19:32:12","modified_gmt":"2026-01-08T19:32:12","slug":"alejandro-eujanian","status":"publish","type":"page","link":"https:\/\/humanidadesporvenir.com.ar\/index.php\/alejandro-eujanian\/","title":{"rendered":"Alejandro Eujanian"},"content":{"rendered":"\n<figure class=\"wp-block-image aligncenter size-full\"><img loading=\"lazy\" decoding=\"async\" width=\"423\" height=\"502\" src=\"https:\/\/humanidadesporvenir.com.ar\/wp-content\/uploads\/2026\/01\/Eujanian.png\" alt=\"\" class=\"wp-image-257\" srcset=\"https:\/\/humanidadesporvenir.com.ar\/wp-content\/uploads\/2026\/01\/Eujanian.png 423w, https:\/\/humanidadesporvenir.com.ar\/wp-content\/uploads\/2026\/01\/Eujanian-253x300.png 253w\" sizes=\"auto, (max-width: 423px) 100vw, 423px\" \/><\/figure>\n\n\n\n<p>Alejandro Eujanian es Doctor en Humanidades y Artes \u2013menci\u00f3n historia- por la Universidad Nacional de Rosario, director del Doctorado en Historia de la UNR y titular de la c\u00e1tedra de Historia de la historiograf\u00eda latinoamericana y argentina de la Facultad de Humanidades Artes de la misma universidad. Es investigador del Instituto de Estudios Cr\u00edticos en Humanidades (IECH\/CONICET-UNR). Ha publicado diversos art\u00edculos en libros y revistas especializadas sobre temas vinculados a las representaciones del pasado y la historia de la historiograf\u00eda argentina. Entre sus libros se encuentran: Historia de revistas argentinas, la conquista del p\u00fablico (AAER 1999) Pol\u00edticas de la Historia, en colaboraci\u00f3n con M.A. Cattaruzza (Alianza 2003); El pasado en el p\u00e9ndulo de la pol\u00edtica. Rosas, la provincia y la naci\u00f3n en el debate pol\u00edtico de Buenos Aires, 1852-1861 (Editorial UNQ, 2015); Episodios de la cultura hist\u00f3rica argentina. Celebraciones, im\u00e1genes y representaciones del pasado, en colaboraci\u00f3n (Biblos, 2015); Halper\u00edn Donghi y sus mundos, coordinado junto a Marcela Ternavasio (FHUMYAR, 2016); Variaciones del Reformismo, junto a Ana Clarisa Ag\u00fcero (FHUMYAR, 2018); Conversaciones en la biblioteca. Di\u00e1logo con Carlo Ginzburg (HyA ediciones 2019) y \u00bfLa historia por venir? Di\u00e1logo con Fran\u00e7ois Hartog (HyA ediciones 2021)<\/p>\n","protected":false},"excerpt":{"rendered":"<p>Alejandro Eujanian es Doctor en Humanidades y Artes \u2013menci\u00f3n historia- por la Universidad Nacional de Rosario, director del Doctorado en Historia de la UNR y titular de la c\u00e1tedra de Historia de la historiograf\u00eda latinoamericana y argentina de la Facultad de Humanidades Artes de la misma universidad. Es investigador del Instituto de Estudios Cr\u00edticos en [&hellip;]<\/p>\n","protected":false},"author":2,"featured_media":0,"parent":0,"menu_order":0,"comment_status":"closed","ping_status":"closed","template":"","meta":{"footnotes":""},"class_list":["post-256","page","type-page","status-publish","hentry"],"_links":{"self":[{"href":"https:\/\/humanidadesporvenir.com.ar\/index.php\/wp-json\/wp\/v2\/pages\/256","targetHints":{"allow":["GET"]}}],"collection":[{"href":"https:\/\/humanidadesporvenir.com.ar\/index.php\/wp-json\/wp\/v2\/pages"}],"about":[{"href":"https:\/\/humanidadesporvenir.com.ar\/index.php\/wp-json\/wp\/v2\/types\/page"}],"author":[{"embeddable":true,"href":"https:\/\/humanidadesporvenir.com.ar\/index.php\/wp-json\/wp\/v2\/users\/2"}],"replies":[{"embeddable":true,"href":"https:\/\/humanidadesporvenir.com.ar\/index.php\/wp-json\/wp\/v2\/comments?post=256"}],"version-history":[{"count":1,"href":"https:\/\/humanidadesporvenir.com.ar\/index.php\/wp-json\/wp\/v2\/pages\/256\/revisions"}],"predecessor-version":[{"id":258,"href":"https:\/\/humanidadesporvenir.com.ar\/index.php\/wp-json\/wp\/v2\/pages\/256\/revisions\/258"}],"wp:attachment":[{"href":"https:\/\/humanidadesporvenir.com.ar\/index.php\/wp-json\/wp\/v2\/media?parent=256"}],"curies":[{"name":"wp","href":"https:\/\/api.w.org\/{rel}","templated":true}]}}