{"id":243,"date":"2026-01-08T19:21:57","date_gmt":"2026-01-08T19:21:57","guid":{"rendered":"https:\/\/humanidadesporvenir.com.ar\/?page_id=243"},"modified":"2026-01-08T19:26:18","modified_gmt":"2026-01-08T19:26:18","slug":"liliana-ancalao","status":"publish","type":"page","link":"https:\/\/humanidadesporvenir.com.ar\/index.php\/liliana-ancalao\/","title":{"rendered":"Liliana Ancalao"},"content":{"rendered":"\n<figure class=\"wp-block-image size-large\"><img loading=\"lazy\" decoding=\"async\" width=\"878\" height=\"1024\" src=\"https:\/\/humanidadesporvenir.com.ar\/wp-content\/uploads\/2026\/01\/AncalaoLiliana01-878x1024.png\" alt=\"\" class=\"wp-image-249\" srcset=\"https:\/\/humanidadesporvenir.com.ar\/wp-content\/uploads\/2026\/01\/AncalaoLiliana01-878x1024.png 878w, https:\/\/humanidadesporvenir.com.ar\/wp-content\/uploads\/2026\/01\/AncalaoLiliana01-257x300.png 257w, https:\/\/humanidadesporvenir.com.ar\/wp-content\/uploads\/2026\/01\/AncalaoLiliana01-768x896.png 768w, https:\/\/humanidadesporvenir.com.ar\/wp-content\/uploads\/2026\/01\/AncalaoLiliana01.png 1152w\" sizes=\"auto, (max-width: 878px) 100vw, 878px\" \/><\/figure>\n\n\n\n<p>Liliana Ancalao naci\u00f3 en Comodoro Rivadavia en 1961. Sus or\u00edgenes en Puel Mapu Wall Mapu se remontan al tiempo en que sus tatarabuelos cruzaban la cordillera como si fuera un puente, sin los l\u00edmites impuestos por los estados de Argentina y Chile. Pertenece a la comunidad mapuche \u00d1amkulawen y es aprendiz de su idioma materno mapuzungun.<br>Es Profesora en Letras por la Universidad Nacional de la Patagonia San Juan Bosco. Se jubil\u00f3 en la docencia secundaria. Coordin\u00f3 un ciclo de Arte Popular en los Barrios. Es parte de un grupo de investigaci\u00f3n universitario e integra los colectivos culturales Peces del desierto y Trovadores patag\u00f3nicos. Como parte de la comunidad \u00d1amkulawen, promueve actividades de fortalecimiento cultural y experiencias de educaci\u00f3n mapuche. Es Asesora general de la serie animada \u201cPoemas de la Tierra\u201d emitida en 2022 por el canal Paka Paka.<br>Premio a la Trayectoria 2022 en la categor\u00eda Patrimonio por el Fondo Nacional de las Artes.<br>Miembro del Comit\u00e9 de Honor del Encuentro de Literaturas en Lenguas Originarias de<br>Am\u00e9rica, Feria internacional del libro Guadalajara desde 2023.<br>Jurado del PLIA, Premio Literaturas Ind\u00edgenas de Am\u00e9rica, rubro Poes\u00eda. M\u00e9xico 2024.<br>Su obra ha sido incluida en numerosas antolog\u00edas literarias de pueblos originarios, de escritores de la regi\u00f3n patag\u00f3nica y de escritores argentinos. Traducida a los idiomas: ingl\u00e9s, franc\u00e9s, italiano, portugu\u00e9s y alem\u00e1n.<br>Ha asistido como poeta invitada a encuentros de escritores de pueblos originarios en Abya Yala y como conferencista a universidades de Argentina, Chile, Colombia, Alemania y Estados Unidos.<\/p>\n\n\n\n<p><\/p>\n","protected":false},"excerpt":{"rendered":"<p>Liliana Ancalao naci\u00f3 en Comodoro Rivadavia en 1961. Sus or\u00edgenes en Puel Mapu Wall Mapu se remontan al tiempo en que sus tatarabuelos cruzaban la cordillera como si fuera un puente, sin los l\u00edmites impuestos por los estados de Argentina y Chile. Pertenece a la comunidad mapuche \u00d1amkulawen y es aprendiz de su idioma materno [&hellip;]<\/p>\n","protected":false},"author":2,"featured_media":0,"parent":0,"menu_order":0,"comment_status":"closed","ping_status":"closed","template":"","meta":{"footnotes":""},"class_list":["post-243","page","type-page","status-publish","hentry"],"_links":{"self":[{"href":"https:\/\/humanidadesporvenir.com.ar\/index.php\/wp-json\/wp\/v2\/pages\/243","targetHints":{"allow":["GET"]}}],"collection":[{"href":"https:\/\/humanidadesporvenir.com.ar\/index.php\/wp-json\/wp\/v2\/pages"}],"about":[{"href":"https:\/\/humanidadesporvenir.com.ar\/index.php\/wp-json\/wp\/v2\/types\/page"}],"author":[{"embeddable":true,"href":"https:\/\/humanidadesporvenir.com.ar\/index.php\/wp-json\/wp\/v2\/users\/2"}],"replies":[{"embeddable":true,"href":"https:\/\/humanidadesporvenir.com.ar\/index.php\/wp-json\/wp\/v2\/comments?post=243"}],"version-history":[{"count":6,"href":"https:\/\/humanidadesporvenir.com.ar\/index.php\/wp-json\/wp\/v2\/pages\/243\/revisions"}],"predecessor-version":[{"id":254,"href":"https:\/\/humanidadesporvenir.com.ar\/index.php\/wp-json\/wp\/v2\/pages\/243\/revisions\/254"}],"wp:attachment":[{"href":"https:\/\/humanidadesporvenir.com.ar\/index.php\/wp-json\/wp\/v2\/media?parent=243"}],"curies":[{"name":"wp","href":"https:\/\/api.w.org\/{rel}","templated":true}]}}