{"id":16,"date":"2025-10-29T14:16:26","date_gmt":"2025-10-29T14:16:26","guid":{"rendered":"https:\/\/humanidadesporvenir.com.ar\/?page_id=16"},"modified":"2025-11-03T15:32:34","modified_gmt":"2025-11-03T15:32:34","slug":"autoridades","status":"publish","type":"page","link":"https:\/\/humanidadesporvenir.com.ar\/index.php\/autoridades\/","title":{"rendered":"Equipo"},"content":{"rendered":"\n<p><\/p>\n\n\n\n<h3 class=\"wp-block-heading\">Comisi\u00f3n Acad\u00e9mica Organizadora <\/h3>\n\n\n\n<p>Cristian Molina (Coordinador) <\/p>\n\n\n\n<p>M\u00f3nica Bernab\u00e9, Laura Catelli, Elsa Caula, Sandra Contreras, Federico Donner, Irina Garbatzky, Julia Musitano, Diego Rold\u00e1n, Laura Romero, Marcela Ternavasio.<\/p>\n\n\n\n<h3 class=\"wp-block-heading\"><br>Equipo de organizaci\u00f3n: <\/h3>\n\n\n\n<p>Mariela Herrero, Vicente Tuset, Cecilia Parfait, y Laura Soledad Romero (Coordinadorxs) <\/p>\n\n\n\n<p>Regina Cellino, Dami\u00e1n Monti Falicoff, Carlos Ciliberti, Jes\u00fas Antu\u00f1a, Mar\u00eda Nieves Battistoni, \u00c9rica Brasca, Roc\u00edo Cabral, Renata Defelice, Eduardo Garc\u00eda Elizondo, Macarena Far\u00edas, Ismael Garc\u00eda, Marina Maggi, Nicol\u00e1s Medina, Bernardo Orge, Ariadna Palos, Ana Clara Pugliese, Carli Prado.<\/p>\n","protected":false},"excerpt":{"rendered":"<p>Comisi\u00f3n Acad\u00e9mica Organizadora Cristian Molina (Coordinador) M\u00f3nica Bernab\u00e9, Laura Catelli, Elsa Caula, Sandra Contreras, Federico Donner, Irina Garbatzky, Julia Musitano, Diego Rold\u00e1n, Laura Romero, Marcela Ternavasio. Equipo de organizaci\u00f3n: Mariela Herrero, Vicente Tuset, Cecilia Parfait, y Laura Soledad Romero (Coordinadorxs) Regina Cellino, Dami\u00e1n Monti Falicoff, Carlos Ciliberti, Jes\u00fas Antu\u00f1a, Mar\u00eda Nieves Battistoni, \u00c9rica Brasca, Roc\u00edo [&hellip;]<\/p>\n","protected":false},"author":2,"featured_media":0,"parent":0,"menu_order":0,"comment_status":"closed","ping_status":"closed","template":"","meta":{"footnotes":""},"class_list":["post-16","page","type-page","status-publish","hentry"],"_links":{"self":[{"href":"https:\/\/humanidadesporvenir.com.ar\/index.php\/wp-json\/wp\/v2\/pages\/16","targetHints":{"allow":["GET"]}}],"collection":[{"href":"https:\/\/humanidadesporvenir.com.ar\/index.php\/wp-json\/wp\/v2\/pages"}],"about":[{"href":"https:\/\/humanidadesporvenir.com.ar\/index.php\/wp-json\/wp\/v2\/types\/page"}],"author":[{"embeddable":true,"href":"https:\/\/humanidadesporvenir.com.ar\/index.php\/wp-json\/wp\/v2\/users\/2"}],"replies":[{"embeddable":true,"href":"https:\/\/humanidadesporvenir.com.ar\/index.php\/wp-json\/wp\/v2\/comments?post=16"}],"version-history":[{"count":4,"href":"https:\/\/humanidadesporvenir.com.ar\/index.php\/wp-json\/wp\/v2\/pages\/16\/revisions"}],"predecessor-version":[{"id":234,"href":"https:\/\/humanidadesporvenir.com.ar\/index.php\/wp-json\/wp\/v2\/pages\/16\/revisions\/234"}],"wp:attachment":[{"href":"https:\/\/humanidadesporvenir.com.ar\/index.php\/wp-json\/wp\/v2\/media?parent=16"}],"curies":[{"name":"wp","href":"https:\/\/api.w.org\/{rel}","templated":true}]}}