{"id":147,"date":"2025-10-31T17:30:46","date_gmt":"2025-10-31T17:30:46","guid":{"rendered":"https:\/\/humanidadesporvenir.com.ar\/?page_id=147"},"modified":"2025-10-31T17:30:46","modified_gmt":"2025-10-31T17:30:46","slug":"inscripciones","status":"publish","type":"page","link":"https:\/\/humanidadesporvenir.com.ar\/index.php\/inscripciones\/","title":{"rendered":"Inscripciones"},"content":{"rendered":"\n<h3 class=\"wp-block-heading\"><strong>Inscripci\u00f3n al Congreso<\/strong><\/h3>\n\n\n\n<p>El congreso se abrir\u00e1 a expositorxs y asistentes. Lxs expositorxs podr\u00e1n enviar su formulario de inscripci\u00f3n completa hasta el d\u00eda <strong>15 de febrero de 2026<\/strong> al mail: <a href=\"mailto:lashumanidadesporvenir@iech-conicet.gob.ar\">lashumanidadesporvenir@iech-conicet.gob.ar<\/a><br>Las propuestas ser\u00e1n seleccionadas seg\u00fan su pertinencia por el Comit\u00e9 Acad\u00e9mico.<br>Se comunicar\u00e1 el resultado de las evaluaciones antes del <strong>d\u00eda 1 de marzo de 2026<\/strong>.<\/p>\n\n\n\n<p><br><strong>Aranceles hasta el 15 de marzo<\/strong><br><span style=\"text-decoration: underline;\">Expositorxs Nacionales:<\/span> $60.000<br><span style=\"text-decoration: underline;\">Expositores Latinoamericanxs:<\/span> U$$ 50<br><span style=\"text-decoration: underline;\">Expositores extranjerxs:<\/span> U$$ 100<br><span style=\"text-decoration: underline;\">Expositorxs Docentes de la Fhumyar:<\/span> Sin costo<\/p>\n\n\n\n<p><\/p>\n\n\n\n<div class=\"wp-block-buttons is-layout-flex wp-block-buttons-is-layout-flex\">\n<div class=\"wp-block-button\"><a class=\"wp-block-button__link wp-element-button\" href=\"https:\/\/docs.google.com\/forms\/d\/e\/1FAIpQLSdxbah7qLdILG4o_S-i_XMp6alP2Lx0EzstPQ7CqKsJRpFWGQ\/viewform\" target=\"_blank\" rel=\"noopener\">Formulario de inscripci\u00f3n<\/a><\/div>\n\n\n\n<div class=\"wp-block-button\"><a class=\"wp-block-button__link wp-element-button\" href=\"https:\/\/humanidadesporvenir.com.ar\/wp-content\/uploads\/2025\/10\/CONGRESO_02Circular_2710.pdf\">Circular<\/a><\/div>\n<\/div>\n","protected":false},"excerpt":{"rendered":"<p>Inscripci\u00f3n al Congreso El congreso se abrir\u00e1 a expositorxs y asistentes. Lxs expositorxs podr\u00e1n enviar su formulario de inscripci\u00f3n completa hasta el d\u00eda 15 de febrero de 2026 al mail: lashumanidadesporvenir@iech-conicet.gob.arLas propuestas ser\u00e1n seleccionadas seg\u00fan su pertinencia por el Comit\u00e9 Acad\u00e9mico.Se comunicar\u00e1 el resultado de las evaluaciones antes del d\u00eda 1 de marzo de 2026. [&hellip;]<\/p>\n","protected":false},"author":2,"featured_media":0,"parent":0,"menu_order":0,"comment_status":"closed","ping_status":"closed","template":"","meta":{"footnotes":""},"class_list":["post-147","page","type-page","status-publish","hentry"],"_links":{"self":[{"href":"https:\/\/humanidadesporvenir.com.ar\/index.php\/wp-json\/wp\/v2\/pages\/147","targetHints":{"allow":["GET"]}}],"collection":[{"href":"https:\/\/humanidadesporvenir.com.ar\/index.php\/wp-json\/wp\/v2\/pages"}],"about":[{"href":"https:\/\/humanidadesporvenir.com.ar\/index.php\/wp-json\/wp\/v2\/types\/page"}],"author":[{"embeddable":true,"href":"https:\/\/humanidadesporvenir.com.ar\/index.php\/wp-json\/wp\/v2\/users\/2"}],"replies":[{"embeddable":true,"href":"https:\/\/humanidadesporvenir.com.ar\/index.php\/wp-json\/wp\/v2\/comments?post=147"}],"version-history":[{"count":1,"href":"https:\/\/humanidadesporvenir.com.ar\/index.php\/wp-json\/wp\/v2\/pages\/147\/revisions"}],"predecessor-version":[{"id":149,"href":"https:\/\/humanidadesporvenir.com.ar\/index.php\/wp-json\/wp\/v2\/pages\/147\/revisions\/149"}],"wp:attachment":[{"href":"https:\/\/humanidadesporvenir.com.ar\/index.php\/wp-json\/wp\/v2\/media?parent=147"}],"curies":[{"name":"wp","href":"https:\/\/api.w.org\/{rel}","templated":true}]}}